{"id":311,"date":"2020-12-15T12:31:57","date_gmt":"2020-12-15T11:31:57","guid":{"rendered":"https:\/\/mxrdr-info.ocean.icm.edu.pl\/?page_id=311"},"modified":"2021-10-29T15:00:34","modified_gmt":"2021-10-29T13:00:34","slug":"dataverses-in-mx-rdr","status":"publish","type":"page","link":"https:\/\/info.mxrdr.icm.edu.pl\/index.php\/dataverses-in-mx-rdr\/","title":{"rendered":"Dataverses in MX-RDR"},"content":{"rendered":"\n<p>This page contains names of the dataverses in our Repository and their respective identifiers. You can also obtain up to date identifiers using <a href=\"https:\/\/info.mxrdr.icm.edu.pl\/index.php\/dataset-uploading\/\" data-type=\"page\" data-id=\"180\">specific API terminal command<\/a>.<\/p>\n\n\n\n<figure class=\"wp-block-table is-style-regular\"><table><thead><tr><th>Dataverse name<\/th><th>Identifier<\/th><\/tr><\/thead><tbody><tr><td><a href=\"http:\/\/mxrdr.icm.edu.pl\/\">Root dataverse<\/a><\/td><td>:root<\/td><\/tr><tr><td><a href=\"https:\/\/mxrdr.icm.edu.pl\/dataverse\/IBC\">Institute of Bioorganic Chemistry of the Polish Academy of Sciences Dataverse<\/a><\/td><td>IBC<\/td><\/tr><tr><td><a href=\"https:\/\/mxrdr.icm.edu.pl\/dataverse\/JU\">Jagiellonian University Dataverse<\/a><\/td><td>JU<\/td><\/tr><tr><td><a href=\"https:\/\/mxrdr.icm.edu.pl\/dataverse\/IIMCB\">International Institute of Molecular and Cell Biology Dataverse&nbsp;<\/a><\/td><td>IIMCB<\/td><\/tr><tr><td><a href=\"https:\/\/mxrdr.icm.edu.pl\/dataverse\/LPS\">Laboratory of Protein Structure Dataverse<\/a><\/td><td>LPS<\/td><\/tr><tr><td><a href=\"https:\/\/mxrdr.icm.edu.pl\/dataverse\/CMMS\">Centre of Molecular and Macromolecular Studies of Polish Academy of Sciences Dataverse<\/a><\/td><td>CMMS<\/td><\/tr><tr><td><a href=\"https:\/\/mxrdr.icm.edu.pl\/dataverse\/IOC\">Institute of Organic Chemistry of the Polish Academy of Sciences Dataverse<\/a><\/td><td>IOC<\/td><\/tr><tr><td><a href=\"https:\/\/mxrdr.icm.edu.pl\/dataverse\/ISO\">ISO dataverse<\/a><\/td><td>ISO<\/td><\/tr><tr><td><a href=\"https:\/\/mxrdr.icm.edu.pl\/dataverse\/MR\">Mi\u0142osz Ruszkowski Dataverse<\/a><\/td><td>MR<\/td><\/tr><tr><td><a href=\"https:\/\/mxrdr.icm.edu.pl\/dataverse\/JL\">Joanna Loch Dataverse<\/a><\/td><td>JL<\/td><\/tr><tr><td><a href=\"https:\/\/mxrdr.icm.edu.pl\/dataverse\/EN\">El\u017cbieta Nowak Dataverse<\/a><\/td><td>EN<\/td><\/tr><tr><td><a href=\"https:\/\/mxrdr.icm.edu.pl\/dataverse\/PD\">Pawe\u0142 Dro\u017cd\u017cal Dataverse<\/a><\/td><td>PD<\/td><\/tr><tr><td><a href=\"https:\/\/mxrdr.icm.edu.pl\/dataverse\/RD\">Rafa\u0142 Dolot Dataverse<\/a><\/td><td>RD<\/td><\/tr><tr><td><a href=\"https:\/\/mxrdr.icm.edu.pl\/dataverse\/AS\">Agnieszka Szumna Dataverse<\/a><\/td><td>AS<\/td><\/tr><\/tbody><tfoot><tr><td><strong><strong>Dataverse name<\/strong><\/strong><\/td><td><strong><strong>Identifier<\/strong><\/strong><\/td><\/tr><\/tfoot><\/table><figcaption>Dataverses in MX-RDR table<\/figcaption><\/figure>\n","protected":false},"excerpt":{"rendered":"<p>This page contains names of the dataverses in our Repository and their respective identifiers. You can also obtain up to date identifiers using specific API terminal command. Dataverse name Identifier Root dataverse :root Institute of Bioorganic Chemistry of the Polish Academy of Sciences Dataverse IBC Jagiellonian University Dataverse JU International Institute of Molecular and Cell &hellip; <\/p>\n<p class=\"link-more\"><a href=\"https:\/\/info.mxrdr.icm.edu.pl\/index.php\/dataverses-in-mx-rdr\/\" class=\"more-link\">Continue reading<span class=\"screen-reader-text\"> &#8220;Dataverses in MX-RDR&#8221;<\/span><\/a><\/p>\n","protected":false},"author":4,"featured_media":0,"parent":0,"menu_order":0,"comment_status":"closed","ping_status":"closed","template":"","meta":{"footnotes":""},"_links":{"self":[{"href":"https:\/\/info.mxrdr.icm.edu.pl\/index.php\/wp-json\/wp\/v2\/pages\/311"}],"collection":[{"href":"https:\/\/info.mxrdr.icm.edu.pl\/index.php\/wp-json\/wp\/v2\/pages"}],"about":[{"href":"https:\/\/info.mxrdr.icm.edu.pl\/index.php\/wp-json\/wp\/v2\/types\/page"}],"author":[{"embeddable":true,"href":"https:\/\/info.mxrdr.icm.edu.pl\/index.php\/wp-json\/wp\/v2\/users\/4"}],"replies":[{"embeddable":true,"href":"https:\/\/info.mxrdr.icm.edu.pl\/index.php\/wp-json\/wp\/v2\/comments?post=311"}],"version-history":[{"count":15,"href":"https:\/\/info.mxrdr.icm.edu.pl\/index.php\/wp-json\/wp\/v2\/pages\/311\/revisions"}],"predecessor-version":[{"id":601,"href":"https:\/\/info.mxrdr.icm.edu.pl\/index.php\/wp-json\/wp\/v2\/pages\/311\/revisions\/601"}],"wp:attachment":[{"href":"https:\/\/info.mxrdr.icm.edu.pl\/index.php\/wp-json\/wp\/v2\/media?parent=311"}],"curies":[{"name":"wp","href":"https:\/\/api.w.org\/{rel}","templated":true}]}}